{"id":2286,"date":"2020-09-21T23:44:57","date_gmt":"2020-09-22T03:44:57","guid":{"rendered":"https:\/\/www.caitrionapage.com\/?post_type=product&#038;p=2286"},"modified":"2020-09-29T16:00:22","modified_gmt":"2020-09-29T20:00:22","slug":"traveller-a-riona-kilbride-novel","status":"publish","type":"product","link":"https:\/\/www.caitrionapage.com\/es\/producto\/traveller-a-riona-kilbride-novel\/","title":{"rendered":"Traveller &#8211; A R\u00edona Kilbride novel"},"content":{"rendered":"<p><strong>Sometimes finding yourself means leaving yourself behind.<\/strong><\/p>\n<p>R\u00edona has yearned to escape her small rural Nebraska farm. She has dreamt of the day she could travel the world to find her place within it. Just her and her father\u2019s fiddle. That was before her mother\u2019s diagnosis.<\/p>\n<p>Her first love ends in a gut-wrenching betrayal that makes her question ever trusting her secret to anyone ever again. Only a few months before graduation her mother suddenly passes away. Now she has to face the terrifying reality that she once again no longer has a home. She is lost and all alone.<\/p>\n<p>One night, she stumbles across an old Volkswagen Bus and realises it could make her dream come true. When she meets Tomi, the strong, handsome mechanic with a tragic past of her own. R\u00edona realises she must learn to accept who she is before she can hope to find where she belongs.<\/p>","protected":false},"excerpt":{"rendered":"<p><b>A New Adult story of overcoming loss and learning to accept your truth.<\/b><\/p>\n<p class=\"p1\">R\u00edona isn\u2019t out yet. Even to her best friend. She wants nothing more than to leave her small, rural farm life but when she finds her perfect escape, she also finds the perfect reason to stay: her best friend\u2019s cousin.<\/p>","protected":false},"featured_media":2287,"comment_status":"closed","ping_status":"closed","template":"","meta":[],"product_brand":[],"product_cat":[48,47,45,46],"product_tag":[],"class_list":{"0":"post-2286","1":"product","2":"type-product","3":"status-publish","4":"has-post-thumbnail","6":"product_cat-coming-of-age","7":"product_cat-coming-out","8":"product_cat-general-fiction","9":"product_cat-romance","11":"first","12":"instock","13":"shipping-taxable","14":"product-type-external"},"yoast_head":"<!-- This site is optimized with the Yoast SEO plugin v26.5 - https:\/\/yoast.com\/wordpress\/plugins\/seo\/ -->\n<title>Traveller - A R\u00edona Kilbride novel &#8226; Caitr\u00edona Page<\/title>\n<meta name=\"robots\" content=\"index, follow, max-snippet:-1, max-image-preview:large, max-video-preview:-1\" \/>\n<link rel=\"canonical\" href=\"https:\/\/www.caitrionapage.com\/es\/producto\/traveller-a-riona-kilbride-novel\/\" \/>\n<meta property=\"og:locale\" content=\"es_MX\" \/>\n<meta property=\"og:type\" content=\"article\" \/>\n<meta property=\"og:title\" content=\"Traveller - A R\u00edona Kilbride novel &#8226; Caitr\u00edona Page\" \/>\n<meta property=\"og:description\" content=\"A New Adult story of overcoming loss and learning to accept your truth. R\u00edona isn\u2019t out yet. Even to her best friend. She wants nothing more than to leave her small, rural farm life but when she finds her perfect escape, she also finds the perfect reason to stay: her best friend\u2019s cousin.\" \/>\n<meta property=\"og:url\" content=\"https:\/\/www.caitrionapage.com\/es\/producto\/traveller-a-riona-kilbride-novel\/\" \/>\n<meta property=\"og:site_name\" content=\"Caitr\u00edona Page\" \/>\n<meta property=\"article:modified_time\" content=\"2020-09-29T20:00:22+00:00\" \/>\n<meta property=\"og:image\" content=\"https:\/\/www.caitrionapage.com\/wp-content\/uploads\/2020\/09\/Traveller-Kindle-640x1024.jpg\" \/>\n\t<meta property=\"og:image:width\" content=\"640\" \/>\n\t<meta property=\"og:image:height\" content=\"1024\" \/>\n\t<meta property=\"og:image:type\" content=\"image\/jpeg\" \/>\n<meta name=\"twitter:card\" content=\"summary_large_image\" \/>\n<meta name=\"twitter:label1\" content=\"Tiempo de lectura\" \/>\n\t<meta name=\"twitter:data1\" content=\"1 minuto\" \/>\n<script type=\"application\/ld+json\" class=\"yoast-schema-graph\">{\"@context\":\"https:\/\/schema.org\",\"@graph\":[{\"@type\":\"WebPage\",\"@id\":\"https:\/\/www.caitrionapage.com\/es\/producto\/traveller-a-riona-kilbride-novel\/\",\"url\":\"https:\/\/www.caitrionapage.com\/es\/producto\/traveller-a-riona-kilbride-novel\/\",\"name\":\"Traveller - A R\u00edona Kilbride novel &#8226; Caitr\u00edona Page\",\"isPartOf\":{\"@id\":\"https:\/\/www.caitrionapage.com\/#website\"},\"primaryImageOfPage\":{\"@id\":\"https:\/\/www.caitrionapage.com\/es\/producto\/traveller-a-riona-kilbride-novel\/#primaryimage\"},\"image\":{\"@id\":\"https:\/\/www.caitrionapage.com\/es\/producto\/traveller-a-riona-kilbride-novel\/#primaryimage\"},\"thumbnailUrl\":\"https:\/\/www.caitrionapage.com\/wp-content\/uploads\/2020\/09\/Traveller-Kindle.jpg\",\"datePublished\":\"2020-09-22T03:44:57+00:00\",\"dateModified\":\"2020-09-29T20:00:22+00:00\",\"breadcrumb\":{\"@id\":\"https:\/\/www.caitrionapage.com\/es\/producto\/traveller-a-riona-kilbride-novel\/#breadcrumb\"},\"inLanguage\":\"es\",\"potentialAction\":[{\"@type\":\"ReadAction\",\"target\":[\"https:\/\/www.caitrionapage.com\/es\/producto\/traveller-a-riona-kilbride-novel\/\"]}]},{\"@type\":\"ImageObject\",\"inLanguage\":\"es\",\"@id\":\"https:\/\/www.caitrionapage.com\/es\/producto\/traveller-a-riona-kilbride-novel\/#primaryimage\",\"url\":\"https:\/\/www.caitrionapage.com\/wp-content\/uploads\/2020\/09\/Traveller-Kindle.jpg\",\"contentUrl\":\"https:\/\/www.caitrionapage.com\/wp-content\/uploads\/2020\/09\/Traveller-Kindle.jpg\",\"width\":1600,\"height\":2560},{\"@type\":\"BreadcrumbList\",\"@id\":\"https:\/\/www.caitrionapage.com\/es\/producto\/traveller-a-riona-kilbride-novel\/#breadcrumb\",\"itemListElement\":[{\"@type\":\"ListItem\",\"position\":1,\"name\":\"Home\",\"item\":\"https:\/\/www.caitrionapage.com\/\"},{\"@type\":\"ListItem\",\"position\":2,\"name\":\"Shop\",\"item\":\"https:\/\/www.caitrionapage.com\/es\/shop\/\"},{\"@type\":\"ListItem\",\"position\":3,\"name\":\"Traveller &#8211; A R\u00edona Kilbride novel\"}]},{\"@type\":\"WebSite\",\"@id\":\"https:\/\/www.caitrionapage.com\/#website\",\"url\":\"https:\/\/www.caitrionapage.com\/\",\"name\":\"Caitr\u00edona Page\",\"description\":\"Teller of stories, champion of badass women\",\"publisher\":{\"@id\":\"https:\/\/www.caitrionapage.com\/#\/schema\/person\/de0eea1b85ed27a1c48a25c3c392cd31\"},\"potentialAction\":[{\"@type\":\"SearchAction\",\"target\":{\"@type\":\"EntryPoint\",\"urlTemplate\":\"https:\/\/www.caitrionapage.com\/?s={search_term_string}\"},\"query-input\":{\"@type\":\"PropertyValueSpecification\",\"valueRequired\":true,\"valueName\":\"search_term_string\"}}],\"inLanguage\":\"es\"},{\"@type\":[\"Person\",\"Organization\"],\"@id\":\"https:\/\/www.caitrionapage.com\/#\/schema\/person\/de0eea1b85ed27a1c48a25c3c392cd31\",\"name\":\"Caitr\u00edona Page\",\"image\":{\"@type\":\"ImageObject\",\"inLanguage\":\"es\",\"@id\":\"https:\/\/www.caitrionapage.com\/#\/schema\/person\/image\/\",\"url\":\"https:\/\/secure.gravatar.com\/avatar\/b1db2e6073d1eae34d36773845e4a551458e53f100e9b5497205b60e85a1e288?s=96&d=mm&r=g\",\"contentUrl\":\"https:\/\/secure.gravatar.com\/avatar\/b1db2e6073d1eae34d36773845e4a551458e53f100e9b5497205b60e85a1e288?s=96&d=mm&r=g\",\"caption\":\"Caitr\u00edona Page\"},\"logo\":{\"@id\":\"https:\/\/www.caitrionapage.com\/#\/schema\/person\/image\/\"},\"sameAs\":[\"http:\/\/CaitrionaPage.com\"]}]}<\/script>\n<!-- \/ Yoast SEO plugin. -->","yoast_head_json":{"title":"Traveller - A R\u00edona Kilbride novel &#8226; Caitr\u00edona Page","robots":{"index":"index","follow":"follow","max-snippet":"max-snippet:-1","max-image-preview":"max-image-preview:large","max-video-preview":"max-video-preview:-1"},"canonical":"https:\/\/www.caitrionapage.com\/es\/producto\/traveller-a-riona-kilbride-novel\/","og_locale":"es_MX","og_type":"article","og_title":"Traveller - A R\u00edona Kilbride novel &#8226; Caitr\u00edona Page","og_description":"A New Adult story of overcoming loss and learning to accept your truth. R\u00edona isn\u2019t out yet. Even to her best friend. She wants nothing more than to leave her small, rural farm life but when she finds her perfect escape, she also finds the perfect reason to stay: her best friend\u2019s cousin.","og_url":"https:\/\/www.caitrionapage.com\/es\/producto\/traveller-a-riona-kilbride-novel\/","og_site_name":"Caitr\u00edona Page","article_modified_time":"2020-09-29T20:00:22+00:00","og_image":[{"width":640,"height":1024,"url":"https:\/\/www.caitrionapage.com\/wp-content\/uploads\/2020\/09\/Traveller-Kindle-640x1024.jpg","type":"image\/jpeg"}],"twitter_card":"summary_large_image","twitter_misc":{"Tiempo de lectura":"1 minuto"},"schema":{"@context":"https:\/\/schema.org","@graph":[{"@type":"WebPage","@id":"https:\/\/www.caitrionapage.com\/es\/producto\/traveller-a-riona-kilbride-novel\/","url":"https:\/\/www.caitrionapage.com\/es\/producto\/traveller-a-riona-kilbride-novel\/","name":"Traveller - A R\u00edona Kilbride novel &#8226; Caitr\u00edona Page","isPartOf":{"@id":"https:\/\/www.caitrionapage.com\/#website"},"primaryImageOfPage":{"@id":"https:\/\/www.caitrionapage.com\/es\/producto\/traveller-a-riona-kilbride-novel\/#primaryimage"},"image":{"@id":"https:\/\/www.caitrionapage.com\/es\/producto\/traveller-a-riona-kilbride-novel\/#primaryimage"},"thumbnailUrl":"https:\/\/www.caitrionapage.com\/wp-content\/uploads\/2020\/09\/Traveller-Kindle.jpg","datePublished":"2020-09-22T03:44:57+00:00","dateModified":"2020-09-29T20:00:22+00:00","breadcrumb":{"@id":"https:\/\/www.caitrionapage.com\/es\/producto\/traveller-a-riona-kilbride-novel\/#breadcrumb"},"inLanguage":"es","potentialAction":[{"@type":"ReadAction","target":["https:\/\/www.caitrionapage.com\/es\/producto\/traveller-a-riona-kilbride-novel\/"]}]},{"@type":"ImageObject","inLanguage":"es","@id":"https:\/\/www.caitrionapage.com\/es\/producto\/traveller-a-riona-kilbride-novel\/#primaryimage","url":"https:\/\/www.caitrionapage.com\/wp-content\/uploads\/2020\/09\/Traveller-Kindle.jpg","contentUrl":"https:\/\/www.caitrionapage.com\/wp-content\/uploads\/2020\/09\/Traveller-Kindle.jpg","width":1600,"height":2560},{"@type":"BreadcrumbList","@id":"https:\/\/www.caitrionapage.com\/es\/producto\/traveller-a-riona-kilbride-novel\/#breadcrumb","itemListElement":[{"@type":"ListItem","position":1,"name":"Home","item":"https:\/\/www.caitrionapage.com\/"},{"@type":"ListItem","position":2,"name":"Shop","item":"https:\/\/www.caitrionapage.com\/es\/shop\/"},{"@type":"ListItem","position":3,"name":"Traveller &#8211; A R\u00edona Kilbride novel"}]},{"@type":"WebSite","@id":"https:\/\/www.caitrionapage.com\/#website","url":"https:\/\/www.caitrionapage.com\/","name":"Caitr\u00edona Page","description":"Teller of stories, champion of badass women","publisher":{"@id":"https:\/\/www.caitrionapage.com\/#\/schema\/person\/de0eea1b85ed27a1c48a25c3c392cd31"},"potentialAction":[{"@type":"SearchAction","target":{"@type":"EntryPoint","urlTemplate":"https:\/\/www.caitrionapage.com\/?s={search_term_string}"},"query-input":{"@type":"PropertyValueSpecification","valueRequired":true,"valueName":"search_term_string"}}],"inLanguage":"es"},{"@type":["Person","Organization"],"@id":"https:\/\/www.caitrionapage.com\/#\/schema\/person\/de0eea1b85ed27a1c48a25c3c392cd31","name":"Caitr\u00edona Page","image":{"@type":"ImageObject","inLanguage":"es","@id":"https:\/\/www.caitrionapage.com\/#\/schema\/person\/image\/","url":"https:\/\/secure.gravatar.com\/avatar\/b1db2e6073d1eae34d36773845e4a551458e53f100e9b5497205b60e85a1e288?s=96&d=mm&r=g","contentUrl":"https:\/\/secure.gravatar.com\/avatar\/b1db2e6073d1eae34d36773845e4a551458e53f100e9b5497205b60e85a1e288?s=96&d=mm&r=g","caption":"Caitr\u00edona Page"},"logo":{"@id":"https:\/\/www.caitrionapage.com\/#\/schema\/person\/image\/"},"sameAs":["http:\/\/CaitrionaPage.com"]}]}},"jetpack_sharing_enabled":true,"_links":{"self":[{"href":"https:\/\/www.caitrionapage.com\/es\/wp-json\/wp\/v2\/product\/2286","targetHints":{"allow":["GET"]}}],"collection":[{"href":"https:\/\/www.caitrionapage.com\/es\/wp-json\/wp\/v2\/product"}],"about":[{"href":"https:\/\/www.caitrionapage.com\/es\/wp-json\/wp\/v2\/types\/product"}],"replies":[{"embeddable":true,"href":"https:\/\/www.caitrionapage.com\/es\/wp-json\/wp\/v2\/comments?post=2286"}],"wp:featuredmedia":[{"embeddable":true,"href":"https:\/\/www.caitrionapage.com\/es\/wp-json\/wp\/v2\/media\/2287"}],"wp:attachment":[{"href":"https:\/\/www.caitrionapage.com\/es\/wp-json\/wp\/v2\/media?parent=2286"}],"wp:term":[{"taxonomy":"product_brand","embeddable":true,"href":"https:\/\/www.caitrionapage.com\/es\/wp-json\/wp\/v2\/product_brand?post=2286"},{"taxonomy":"product_cat","embeddable":true,"href":"https:\/\/www.caitrionapage.com\/es\/wp-json\/wp\/v2\/product_cat?post=2286"},{"taxonomy":"product_tag","embeddable":true,"href":"https:\/\/www.caitrionapage.com\/es\/wp-json\/wp\/v2\/product_tag?post=2286"}],"curies":[{"name":"wp","href":"https:\/\/api.w.org\/{rel}","templated":true}]}}